{"id":720,"date":"2023-04-05T15:34:25","date_gmt":"2023-04-05T18:34:25","guid":{"rendered":"https:\/\/www.eesc.usp.br\/cetepe\/?page_id=720"},"modified":"2023-11-10T17:15:05","modified_gmt":"2023-11-10T20:15:05","slug":"transmissao-de-eventos","status":"publish","type":"page","link":"https:\/\/voyager.eesc.usp.br\/cetepe\/index.php\/transmissao-de-eventos\/","title":{"rendered":"Transmiss\u00e3o de Eventos"},"content":{"rendered":"\t\t<div data-elementor-type=\"wp-page\" data-elementor-id=\"720\" class=\"elementor elementor-720\" data-elementor-settings=\"{&quot;ha_cmc_init_switcher&quot;:&quot;no&quot;}\" data-elementor-post-type=\"page\">\n\t\t\t\t\t\t<section class=\"elementor-section elementor-top-section elementor-element elementor-element-53b7fdc elementor-section-full_width elementor-section-content-middle elementor-section-height-default elementor-section-height-default\" data-id=\"53b7fdc\" data-element_type=\"section\" data-e-type=\"section\" data-settings=\"{&quot;background_background&quot;:&quot;classic&quot;,&quot;shape_divider_top&quot;:&quot;opacity-tilt&quot;,&quot;_ha_eqh_enable&quot;:false}\">\n\t\t\t\t\t\t\t<div class=\"elementor-background-overlay\"><\/div>\n\t\t\t\t\t\t<div class=\"elementor-shape elementor-shape-top\" aria-hidden=\"true\" data-negative=\"false\">\n\t\t\t<svg xmlns=\"http:\/\/www.w3.org\/2000\/svg\" viewBox=\"0 0 2600 131.1\" preserveAspectRatio=\"none\">\n\t<path class=\"elementor-shape-fill\" d=\"M0 0L2600 0 2600 69.1 0 0z\"\/>\n\t<path class=\"elementor-shape-fill\" style=\"opacity:0.5\" d=\"M0 0L2600 0 2600 69.1 0 69.1z\"\/>\n\t<path class=\"elementor-shape-fill\" style=\"opacity:0.25\" d=\"M2600 0L0 0 0 130.1 2600 69.1z\"\/>\n<\/svg>\t\t<\/div>\n\t\t\t\t\t<div class=\"elementor-container elementor-column-gap-no\">\n\t\t\t\t\t<div class=\"elementor-column elementor-col-100 elementor-top-column elementor-element elementor-element-da4b2b0\" data-id=\"da4b2b0\" data-element_type=\"column\" data-e-type=\"column\">\n\t\t\t<div class=\"elementor-widget-wrap elementor-element-populated\">\n\t\t\t\t\t\t<div class=\"elementor-element elementor-element-5f3f642 elementor-widget elementor-widget-heading\" data-id=\"5f3f642\" data-element_type=\"widget\" data-e-type=\"widget\" data-widget_type=\"heading.default\">\n\t\t\t\t<div class=\"elementor-widget-container\">\n\t\t\t\t\t<h3 class=\"elementor-heading-title elementor-size-default\">Transmiss\u00f5es em Streamyard\u200b<\/h3>\t\t\t\t<\/div>\n\t\t\t\t<\/div>\n\t\t\t\t<div class=\"elementor-element elementor-element-01a23c1 elementor-widget__width-initial elementor-align-start elementor-icon-list--layout-traditional elementor-list-item-link-full_width ha-has-bg-overlay elementor-widget elementor-widget-icon-list\" data-id=\"01a23c1\" data-element_type=\"widget\" data-e-type=\"widget\" data-widget_type=\"icon-list.default\">\n\t\t\t\t<div class=\"elementor-widget-container\">\n\t\t\t\t\t\t\t<ul class=\"elementor-icon-list-items\">\n\t\t\t\t\t\t\t<li class=\"elementor-icon-list-item\">\n\t\t\t\t\t\t\t\t\t\t\t<span class=\"elementor-icon-list-icon\">\n\t\t\t\t\t\t\t<i aria-hidden=\"true\" class=\"fas fa-circle\"><\/i>\t\t\t\t\t\t<\/span>\n\t\t\t\t\t\t\t\t\t\t<span class=\"elementor-icon-list-text\">Transmiss\u00e3o de Eventos em \"LIVE\" usando o  Streamyard\u200b<\/span>\n\t\t\t\t\t\t\t\t\t<\/li>\n\t\t\t\t\t\t<\/ul>\n\t\t\t\t\t\t<\/div>\n\t\t\t\t<\/div>\n\t\t\t\t<div class=\"elementor-element elementor-element-8dc0594 elementor-widget__width-initial elementor-widget elementor-widget-heading\" data-id=\"8dc0594\" data-element_type=\"widget\" data-e-type=\"widget\" data-widget_type=\"heading.default\">\n\t\t\t\t<div class=\"elementor-widget-container\">\n\t\t\t\t\t<h2 class=\"elementor-heading-title elementor-size-default\">Como solicitar o servi\u00e7o?<\/h2>\t\t\t\t<\/div>\n\t\t\t\t<\/div>\n\t\t\t\t<div class=\"elementor-element elementor-element-68cd3b6 elementor-widget__width-initial elementor-widget elementor-widget-text-editor\" data-id=\"68cd3b6\" data-element_type=\"widget\" data-e-type=\"widget\" data-widget_type=\"text-editor.default\">\n\t\t\t\t<div class=\"elementor-widget-container\">\n\t\t\t\t\t\t\t\t\t<p>A solicita\u00e7\u00e3o do servi\u00e7o pode ser feita via email cetepe@eesc.usp.br (Caso opte pelo email, descreva em detalhes: o solicitante, respons\u00e1vel, hora, local e dura\u00e7\u00e3o estimada, ou atrav\u00e9s do telefone (16) 3373-9256.<\/p><p>Voc\u00ea tamb\u00e9m pode preencher o formul\u00e1rio online abaixo.<\/p><p>De Segunda a Sexta das: 8h as 12h e das 14h as 18h<\/p>\t\t\t\t\t\t\t\t<\/div>\n\t\t\t\t<\/div>\n\t\t\t\t<div class=\"elementor-element elementor-element-550112f elementor-mobile-align-center elementor-widget elementor-widget-button\" data-id=\"550112f\" data-element_type=\"widget\" data-e-type=\"widget\" data-widget_type=\"button.default\">\n\t\t\t\t<div class=\"elementor-widget-container\">\n\t\t\t\t\t\t\t\t\t<div class=\"elementor-button-wrapper\">\n\t\t\t\t\t<a class=\"elementor-button elementor-button-link elementor-size-sm\" href=\"https:\/\/docs.google.com\/forms\/d\/e\/1FAIpQLSdlDPGc2Dj4F0WeGT5JU3wRSVIIt5iJHLZQVvf3TlygCxgSug\/viewform?usp=pp_url\">\n\t\t\t\t\t\t<span class=\"elementor-button-content-wrapper\">\n\t\t\t\t\t\t\t\t\t<span class=\"elementor-button-text\">Formul\u00e1rio de Solicita\u00e7\u00e3o<\/span>\n\t\t\t\t\t<\/span>\n\t\t\t\t\t<\/a>\n\t\t\t\t<\/div>\n\t\t\t\t\t\t\t\t<\/div>\n\t\t\t\t<\/div>\n\t\t\t\t\t<\/div>\n\t\t<\/div>\n\t\t\t\t\t<\/div>\n\t\t<\/section>\n\t\t\t\t<\/div>\n\t\t","protected":false},"excerpt":{"rendered":"<p>Transmiss\u00f5es em Streamyard\u200b Transmiss\u00e3o de Eventos em &#8220;LIVE&#8221; usando o Streamyard\u200b Como solicitar o servi\u00e7o? A solicita\u00e7\u00e3o do servi\u00e7o pode ser feita via email cetepe@eesc.usp.br (Caso opte pelo email, descreva em detalhes: o solicitante, respons\u00e1vel, hora, local e dura\u00e7\u00e3o estimada, ou atrav\u00e9s do telefone (16) 3373-9256. Voc\u00ea tamb\u00e9m pode preencher o formul\u00e1rio online abaixo. De&hellip; <a class=\"more-link\" href=\"https:\/\/voyager.eesc.usp.br\/cetepe\/index.php\/transmissao-de-eventos\/\">Continuar lendo <span class=\"screen-reader-text\">Transmiss\u00e3o de Eventos<\/span><\/a><\/p>\n","protected":false},"author":2,"featured_media":0,"parent":0,"menu_order":0,"comment_status":"closed","ping_status":"closed","template":"elementor_header_footer","meta":{"footnotes":""},"class_list":["post-720","page","type-page","status-publish","hentry","entry"],"_links":{"self":[{"href":"https:\/\/voyager.eesc.usp.br\/cetepe\/index.php\/wp-json\/wp\/v2\/pages\/720","targetHints":{"allow":["GET"]}}],"collection":[{"href":"https:\/\/voyager.eesc.usp.br\/cetepe\/index.php\/wp-json\/wp\/v2\/pages"}],"about":[{"href":"https:\/\/voyager.eesc.usp.br\/cetepe\/index.php\/wp-json\/wp\/v2\/types\/page"}],"author":[{"embeddable":true,"href":"https:\/\/voyager.eesc.usp.br\/cetepe\/index.php\/wp-json\/wp\/v2\/users\/2"}],"replies":[{"embeddable":true,"href":"https:\/\/voyager.eesc.usp.br\/cetepe\/index.php\/wp-json\/wp\/v2\/comments?post=720"}],"version-history":[{"count":24,"href":"https:\/\/voyager.eesc.usp.br\/cetepe\/index.php\/wp-json\/wp\/v2\/pages\/720\/revisions"}],"predecessor-version":[{"id":2745,"href":"https:\/\/voyager.eesc.usp.br\/cetepe\/index.php\/wp-json\/wp\/v2\/pages\/720\/revisions\/2745"}],"wp:attachment":[{"href":"https:\/\/voyager.eesc.usp.br\/cetepe\/index.php\/wp-json\/wp\/v2\/media?parent=720"}],"curies":[{"name":"wp","href":"https:\/\/api.w.org\/{rel}","templated":true}]}}